{"id":2205,"date":"2025-09-06T22:00:34","date_gmt":"2025-09-06T21:00:34","guid":{"rendered":"https:\/\/www.stgereon.info\/wordpress\/?page_id=2205"},"modified":"2025-11-14T21:37:21","modified_gmt":"2025-11-14T20:37:21","slug":"wahlen-der-kirchenvorstaende","status":"publish","type":"page","link":"https:\/\/www.stgereon.info\/wordpress\/?page_id=2205","title":{"rendered":"Mitglieder unserer Kirchenvorst\u00e4nde"},"content":{"rendered":"\n<div class=\"wp-block-columns is-layout-flex wp-container-core-columns-is-layout-9d6595d7 wp-block-columns-is-layout-flex\">\n<figure class=\"wp-block-image size-large is-resized\"><img loading=\"lazy\" decoding=\"async\" width=\"1024\" height=\"587\" src=\"https:\/\/www.stgereon.info\/wordpress\/wp-content\/uploads\/2025\/09\/Logo_BIS_pastorale_Raeume_RGB_dunkelblau_blau_RZ_Moenchengladbach_Sued-1024x587.png\" alt=\"\" class=\"wp-image-2199\" style=\"width:260px;height:auto\" srcset=\"https:\/\/www.stgereon.info\/wordpress\/wp-content\/uploads\/2025\/09\/Logo_BIS_pastorale_Raeume_RGB_dunkelblau_blau_RZ_Moenchengladbach_Sued-1024x587.png 1024w, https:\/\/www.stgereon.info\/wordpress\/wp-content\/uploads\/2025\/09\/Logo_BIS_pastorale_Raeume_RGB_dunkelblau_blau_RZ_Moenchengladbach_Sued-300x172.png 300w, https:\/\/www.stgereon.info\/wordpress\/wp-content\/uploads\/2025\/09\/Logo_BIS_pastorale_Raeume_RGB_dunkelblau_blau_RZ_Moenchengladbach_Sued-768x441.png 768w, https:\/\/www.stgereon.info\/wordpress\/wp-content\/uploads\/2025\/09\/Logo_BIS_pastorale_Raeume_RGB_dunkelblau_blau_RZ_Moenchengladbach_Sued-1536x881.png 1536w, https:\/\/www.stgereon.info\/wordpress\/wp-content\/uploads\/2025\/09\/Logo_BIS_pastorale_Raeume_RGB_dunkelblau_blau_RZ_Moenchengladbach_Sued-2048x1175.png 2048w\" sizes=\"auto, (max-width: 1024px) 100vw, 1024px\" \/><\/figure>\n\n\n\n<div class=\"wp-block-column is-layout-flow wp-block-column-is-layout-flow\">\n<p><a href=\"https:\/\/www.stgereon.info\/wordpress\/?page_id=2198\" data-type=\"page\" data-id=\"2198\">Informationen zum<br>Rat des Pastoralen Raums<\/a><\/p>\n<\/div>\n<\/div>\n\n\n\n<h5 class=\"wp-block-heading\">St. Gereon Giesenkirchen<\/h5>\n\n\n\n<ul class=\"wp-block-list\">\n<li>Jutta Arndt<\/li>\n\n\n\n<li>Markus Arndt<\/li>\n\n\n\n<li>Eugen Dambacher<\/li>\n\n\n\n<li>Bernd Dapper<\/li>\n\n\n\n<li>Joachim Hasler<\/li>\n\n\n\n<li>Irmgard L\u00fcnendonk<\/li>\n\n\n\n<li>Karl-Josef Seitz<\/li>\n\n\n\n<li>Paul Wischnewski<\/li>\n<\/ul>\n\n\n\n<h5 class=\"wp-block-heading\">St. Josef Schelsen<\/h5>\n\n\n\n<ul class=\"wp-block-list\">\n<li>Dr. Stefan Fliescher<\/li>\n\n\n\n<li>Dr. Philipp Freitag<\/li>\n\n\n\n<li>Wolfgang Granderath<\/li>\n\n\n\n<li>Gregor Mager<\/li>\n\n\n\n<li>Nicole M\u00fcller<\/li>\n\n\n\n<li>Hendrik Neuhaus<\/li>\n\n\n\n<li>Tim Theuerzeit<\/li>\n<\/ul>\n\n\n\n<h5 class=\"wp-block-heading\">St. Mari\u00e4 Himmelfahrt Meerkamp<\/h5>\n\n\n\n<ul class=\"wp-block-list\">\n<li>Axel B\u00f6ken<\/li>\n\n\n\n<li>Michael Kleinen<\/li>\n\n\n\n<li>Stephan Reiners<\/li>\n\n\n\n<li>Gregor Sch\u00fcller<\/li>\n\n\n\n<li>Karsten Wolter<\/li>\n<\/ul>\n\n\n\n<h5 class=\"wp-block-heading\">St. Paul M\u00fclfort<\/h5>\n\n\n\n<p>In St. Paul wurde leider kein neuer Kirchenvorstand gew\u00e4hlt, da es weniger Kandidaten zur Wahl gab, als die Anzahl der mindestens zu w\u00e4hlenden Personen f\u00fcr den Kirchenvorstand war.<\/p>\n","protected":false},"excerpt":{"rendered":"<p>Informationen zumRat des Pastoralen Raums St. Gereon Giesenkirchen St. Josef Schelsen St. Mari\u00e4 Himmelfahrt Meerkamp St. Paul M\u00fclfort In St. Paul wurde leider kein neuer Kirchenvorstand gew\u00e4hlt, da es weniger Kandidaten zur Wahl gab, als die Anzahl der mindestens zu w\u00e4hlenden Personen f\u00fcr den Kirchenvorstand war.<\/p>\n","protected":false},"author":2,"featured_media":0,"parent":0,"menu_order":0,"comment_status":"closed","ping_status":"closed","template":"","meta":{"ngg_post_thumbnail":0,"footnotes":""},"class_list":["post-2205","page","type-page","status-publish","hentry"],"_links":{"self":[{"href":"https:\/\/www.stgereon.info\/wordpress\/index.php?rest_route=\/wp\/v2\/pages\/2205","targetHints":{"allow":["GET"]}}],"collection":[{"href":"https:\/\/www.stgereon.info\/wordpress\/index.php?rest_route=\/wp\/v2\/pages"}],"about":[{"href":"https:\/\/www.stgereon.info\/wordpress\/index.php?rest_route=\/wp\/v2\/types\/page"}],"author":[{"embeddable":true,"href":"https:\/\/www.stgereon.info\/wordpress\/index.php?rest_route=\/wp\/v2\/users\/2"}],"replies":[{"embeddable":true,"href":"https:\/\/www.stgereon.info\/wordpress\/index.php?rest_route=%2Fwp%2Fv2%2Fcomments&post=2205"}],"version-history":[{"count":18,"href":"https:\/\/www.stgereon.info\/wordpress\/index.php?rest_route=\/wp\/v2\/pages\/2205\/revisions"}],"predecessor-version":[{"id":2309,"href":"https:\/\/www.stgereon.info\/wordpress\/index.php?rest_route=\/wp\/v2\/pages\/2205\/revisions\/2309"}],"wp:attachment":[{"href":"https:\/\/www.stgereon.info\/wordpress\/index.php?rest_route=%2Fwp%2Fv2%2Fmedia&parent=2205"}],"curies":[{"name":"wp","href":"https:\/\/api.w.org\/{rel}","templated":true}]}}